{"id":290,"date":"2024-06-24T18:14:15","date_gmt":"2024-06-24T16:14:15","guid":{"rendered":"https:\/\/www.grallas-camper.de\/wordpress\/?page_id=290"},"modified":"2025-09-03T23:12:33","modified_gmt":"2025-09-03T21:12:33","slug":"gc-paket-versicherung","status":"publish","type":"page","link":"https:\/\/www.grallas-camper.de\/en\/gc-paket-versicherung\/","title":{"rendered":"GC-Paket &#038; Versicherung&#8230;"},"content":{"rendered":"\t\t<div data-elementor-type=\"wp-page\" data-elementor-id=\"290\" class=\"elementor elementor-290\">\n\t\t\t\t<div class=\"elementor-element elementor-element-68c5409 e-flex e-con-boxed e-con e-parent\" data-id=\"68c5409\" data-element_type=\"container\" data-e-type=\"container\">\n\t\t\t\t\t<div class=\"e-con-inner\">\n\t\t\t\t<div class=\"elementor-element elementor-element-34f72bc elementor-widget elementor-widget-text-editor\" data-id=\"34f72bc\" data-element_type=\"widget\" data-e-type=\"widget\" data-widget_type=\"text-editor.default\">\n\t\t\t\t<div class=\"elementor-widget-container\">\n\t\t\t\t\t\t\t\t\t<p><strong>GC-Paket: <\/strong><em>Gralla&#8217;s Camper Paket.<\/em><\/p><p style=\"padding-left: 80px;\"><span style=\"font-size: 25px; color: var( --e-global-color-text ); text-align: var(--text-align);\"><i>&#8220;<\/i>Nicht nur das Fahrzeug&#8230;.&#8221;<\/span><\/p>\t\t\t\t\t\t\t\t<\/div>\n\t\t\t\t<\/div>\n\t\t<div class=\"elementor-element elementor-element-7abf5b4 e-flex e-con-boxed e-con e-child\" data-id=\"7abf5b4\" data-element_type=\"container\" data-e-type=\"container\">\n\t\t\t\t\t<div class=\"e-con-inner\">\n\t\t\t\t<div class=\"elementor-element elementor-element-81e51e3 elementor-widget elementor-widget-text-editor\" data-id=\"81e51e3\" data-element_type=\"widget\" data-e-type=\"widget\" data-widget_type=\"text-editor.default\">\n\t\t\t\t<div class=\"elementor-widget-container\">\n\t\t\t\t\t\t\t\t\t<p>Ihr erhaltet zum Fahrzeug, welches durch uns gereinigt wird (Innen und Au\u00dfen) folgendes Zubeh\u00f6r inkl. dabei:<\/p><p>&#8211; K\u00fcche\/kochen: K\u00fcchenutensilien, T\u00f6pfe\/Pfanne, Sch\u00fcsseln, Teller, Tassen, Gl\u00e4ser, Besteck, Salz- u Pfefferstreuer, Korkenzieher, Dosen\u00f6ffner, Kaffeezubereiter, Filter f\u00fcr Kaffee, Thermoskanne&#8230;.<\/p><p>&#8211; Bad: hier erhaltet ihr Toilettenpapier, Chemie f\u00fcr die Toilette, Seife von uns<\/p><p>Eine Spielerunde ist auch dabei -falls mal schlecht Wetter ansteht:-)<\/p><p>Zum Campen, habt ihr St\u00fchle mit Tisch, kleinen Outdoorteppich und die Markise, Seitenteile (beim Sunny), Stromkabel, Wasserschlauch mit div. Adaptern und Gie\u00dfkanne, (Akku-Schrauber f\u00fcr die St\u00fctzen beim Ahorn), Auffahrkeile, Befestigungen f\u00fcr die Markise.<\/p><p>Beide Fahrzeuge verlassen unseren Standort sauber, mit oder ohne Ausstattung &#8211; Ihr entscheidet. Diesel- und Adblue-Tank gef\u00fcllt, Frisch-Wasser 20 ltr., Toilette vorbereitet&#8230;.<\/p><p><em><span style=\"color: var( --e-global-color-text ); font-size: 15px; text-align: var(--text-align);\">&#8211; optional bieten wir euch Bettzeug an, f\u00fcr bis zu 6 Personen und Hand-\/Duscht\u00fccher, f\u00fcr 60 \u20ac pauschal pro Buchung<\/span><\/em><\/p><p><em><span style=\"color: var( --e-global-color-text ); font-size: 15px; text-align: var(--text-align);\">\u00a0<\/span><\/em><\/p><p style=\"text-align: center;\"><span style=\"color: var( --e-global-color-text ); font-size: 15px; text-align: var(--text-align);\">weiteres einfach ansprechen, wir finden immer eine L\u00f6sung !<\/span><\/p><p><em><span style=\"color: var( --e-global-color-text ); font-size: 15px; text-align: var(--text-align);\">\u00a0<\/span><\/em><\/p>\t\t\t\t\t\t\t\t<\/div>\n\t\t\t\t<\/div>\n\t\t\t\t\t<\/div>\n\t\t\t\t<\/div>\n\t\t\t\t\t<\/div>\n\t\t\t\t<\/div>\n\t\t<div class=\"elementor-element elementor-element-e1142b8 e-flex e-con-boxed e-con e-parent\" data-id=\"e1142b8\" data-element_type=\"container\" data-e-type=\"container\">\n\t\t\t\t\t<div class=\"e-con-inner\">\n\t\t\t\t<div class=\"elementor-element elementor-element-2b4c6db elementor-widget elementor-widget-text-editor\" data-id=\"2b4c6db\" data-element_type=\"widget\" data-e-type=\"widget\" data-widget_type=\"text-editor.default\">\n\t\t\t\t<div class=\"elementor-widget-container\">\n\t\t\t\t\t\t\t\t\t<p class=\"MsoNormal\" style=\"font-family: 'Times New Roman'; font-size: 12px; font-style: normal; font-variant-ligatures: normal; font-variant-caps: normal; font-weight: 400;\"><b><span style=\"font-size: 10pt; font-family: Arial, sans-serif;\">Urlaub ohne Ende statt bitterem Urlaubsende<\/span><\/b><span style=\"font-size: 10pt; font-family: Arial, sans-serif;\">.<\/span><\/p><p class=\"MsoNormal\" style=\"font-family: 'Times New Roman'; font-size: 12px; font-style: normal; font-variant-ligatures: normal; font-variant-caps: normal; font-weight: 400;\"><span style=\"font-size: 10pt; font-family: Arial, sans-serif;\">Sch\u00fctz Dich vor finanziellen Risiken, die Dir durch Unachtsamkeiten in und an dem\u00a0gemieteten Fahrzeug entstehen k\u00f6nnen.<br \/>Geh&#8217; auf Nummer sicher und sch\u00fctzen Dich auch.\u00a0Wir empfehlen Dir den Wohnmobil Reiseschutz (inkl. CDW) unseres Partners der ERGO Reiseversicherung.<\/span><\/p><p class=\"MsoNormal\" style=\"font-family: 'Times New Roman'; font-size: 12px; font-style: normal; font-variant-ligatures: normal; font-variant-caps: normal; font-weight: 400;\"><b style=\"font-family: 'Times New Roman'; font-size: 12px; font-style: normal; font-variant-ligatures: normal; font-variant-caps: normal; color: var( --e-global-color-text );\">Die ERGO Reiseversicherung wird \u00fcber unseren Partner\u00a0<\/b><a style=\"font-family: 'Times New Roman'; font-size: 12px; font-style: normal; font-variant-ligatures: normal; font-variant-caps: normal; font-weight: 400;\" href=\"https:\/\/deref-gmx.net\/mail\/client\/b1xt7mE_s0w\/dereferrer\/?redirectUrl=http%3A%2F%2Fwww.Caravan-Vermieter-Bund.de\" target=\"_blank\" rel=\"noopener\"><b>www.Caravan-Vermieter-Bund.de<\/b><\/a><b style=\"font-family: 'Times New Roman'; font-size: 12px; font-style: normal; font-variant-ligatures: normal; font-variant-caps: normal; color: var( --e-global-color-text );\">\u201c abgewickelt.<\/b><\/p><p style=\"text-align: center;\">\u00a0<\/p>\t\t\t\t\t\t\t\t<\/div>\n\t\t\t\t<\/div>\n\t\t\t\t\t<\/div>\n\t\t\t\t<\/div>\n\t\t<div class=\"elementor-element elementor-element-6ffdf68 e-flex e-con-boxed e-con e-parent\" data-id=\"6ffdf68\" data-element_type=\"container\" data-e-type=\"container\">\n\t\t\t\t\t<div class=\"e-con-inner\">\n\t\t\t\t<div class=\"elementor-element elementor-element-dff4f6c elementor-widget__width-initial elementor-widget elementor-widget-image\" data-id=\"dff4f6c\" data-element_type=\"widget\" data-e-type=\"widget\" data-widget_type=\"image.default\">\n\t\t\t\t<div class=\"elementor-widget-container\">\n\t\t\t\t\t\t\t\t\t\t\t\t\t\t\t<img fetchpriority=\"high\" decoding=\"async\" width=\"300\" height=\"300\" src=\"https:\/\/www.grallas-camper.de\/wp-content\/uploads\/default-service-300x300.jpg\" class=\"attachment-medium size-medium wp-image-471\" alt=\"\" srcset=\"https:\/\/www.grallas-camper.de\/wp-content\/uploads\/default-service-300x300.jpg 300w, https:\/\/www.grallas-camper.de\/wp-content\/uploads\/default-service-150x150.jpg 150w, https:\/\/www.grallas-camper.de\/wp-content\/uploads\/default-service-500x500.jpg 500w, https:\/\/www.grallas-camper.de\/wp-content\/uploads\/default-service.jpg 512w\" sizes=\"(max-width: 300px) 100vw, 300px\" \/>\t\t\t\t\t\t\t\t\t\t\t\t\t\t\t<\/div>\n\t\t\t\t<\/div>\n\t\t\t\t\t<\/div>\n\t\t\t\t<\/div>\n\t\t\t\t<\/div>\n\t\t","protected":false},"excerpt":{"rendered":"<p>GC-Paket: Gralla&#8217;s Camper Paket. &#8220;Nicht nur das Fahrzeug&#8230;.&#8221; Ihr erhaltet zum Fahrzeug, welches durch uns gereinigt wird (Innen und Au\u00dfen) folgendes Zubeh\u00f6r inkl. dabei: &#8211; K\u00fcche\/kochen: K\u00fcchenutensilien, T\u00f6pfe\/Pfanne, Sch\u00fcsseln, Teller, Tassen, Gl\u00e4ser, Besteck, Salz- u Pfefferstreuer, Korkenzieher, Dosen\u00f6ffner, Kaffeezubereiter, Filter f\u00fcr Kaffee, Thermoskanne&#8230;. &#8211; Bad: hier erhaltet ihr Toilettenpapier, Chemie f\u00fcr die Toilette, Seife von [&hellip;]<\/p>\n","protected":false},"author":1,"featured_media":0,"parent":0,"menu_order":0,"comment_status":"closed","ping_status":"closed","template":"","meta":{"ocean_post_layout":"","ocean_both_sidebars_style":"","ocean_both_sidebars_content_width":0,"ocean_both_sidebars_sidebars_width":0,"ocean_sidebar":"","ocean_second_sidebar":"","ocean_disable_margins":"enable","ocean_add_body_class":"","ocean_shortcode_before_top_bar":"","ocean_shortcode_after_top_bar":"","ocean_shortcode_before_header":"","ocean_shortcode_after_header":"","ocean_has_shortcode":"","ocean_shortcode_after_title":"","ocean_shortcode_before_footer_widgets":"","ocean_shortcode_after_footer_widgets":"","ocean_shortcode_before_footer_bottom":"","ocean_shortcode_after_footer_bottom":"","ocean_display_top_bar":"default","ocean_display_header":"default","ocean_header_style":"","ocean_center_header_left_menu":"","ocean_custom_header_template":"","ocean_custom_logo":0,"ocean_custom_retina_logo":0,"ocean_custom_logo_max_width":0,"ocean_custom_logo_tablet_max_width":0,"ocean_custom_logo_mobile_max_width":0,"ocean_custom_logo_max_height":0,"ocean_custom_logo_tablet_max_height":0,"ocean_custom_logo_mobile_max_height":0,"ocean_header_custom_menu":"","ocean_menu_typo_font_family":"","ocean_menu_typo_font_subset":"","ocean_menu_typo_font_size":0,"ocean_menu_typo_font_size_tablet":0,"ocean_menu_typo_font_size_mobile":0,"ocean_menu_typo_font_size_unit":"px","ocean_menu_typo_font_weight":"","ocean_menu_typo_font_weight_tablet":"","ocean_menu_typo_font_weight_mobile":"","ocean_menu_typo_transform":"","ocean_menu_typo_transform_tablet":"","ocean_menu_typo_transform_mobile":"","ocean_menu_typo_line_height":0,"ocean_menu_typo_line_height_tablet":0,"ocean_menu_typo_line_height_mobile":0,"ocean_menu_typo_line_height_unit":"","ocean_menu_typo_spacing":0,"ocean_menu_typo_spacing_tablet":0,"ocean_menu_typo_spacing_mobile":0,"ocean_menu_typo_spacing_unit":"","ocean_menu_link_color":"","ocean_menu_link_color_hover":"","ocean_menu_link_color_active":"","ocean_menu_link_background":"","ocean_menu_link_hover_background":"","ocean_menu_link_active_background":"","ocean_menu_social_links_bg":"","ocean_menu_social_hover_links_bg":"","ocean_menu_social_links_color":"","ocean_menu_social_hover_links_color":"","ocean_disable_title":"default","ocean_disable_heading":"default","ocean_post_title":"","ocean_post_subheading":"","ocean_post_title_style":"","ocean_post_title_background_color":"","ocean_post_title_background":0,"ocean_post_title_bg_image_position":"","ocean_post_title_bg_image_attachment":"","ocean_post_title_bg_image_repeat":"","ocean_post_title_bg_image_size":"","ocean_post_title_height":0,"ocean_post_title_bg_overlay":0.5,"ocean_post_title_bg_overlay_color":"","ocean_disable_breadcrumbs":"default","ocean_breadcrumbs_color":"","ocean_breadcrumbs_separator_color":"","ocean_breadcrumbs_links_color":"","ocean_breadcrumbs_links_hover_color":"","ocean_display_footer_widgets":"default","ocean_display_footer_bottom":"default","ocean_custom_footer_template":"","footnotes":""},"class_list":["post-290","page","type-page","status-publish","hentry","entry"],"_links":{"self":[{"href":"https:\/\/www.grallas-camper.de\/en\/wp-json\/wp\/v2\/pages\/290","targetHints":{"allow":["GET"]}}],"collection":[{"href":"https:\/\/www.grallas-camper.de\/en\/wp-json\/wp\/v2\/pages"}],"about":[{"href":"https:\/\/www.grallas-camper.de\/en\/wp-json\/wp\/v2\/types\/page"}],"author":[{"embeddable":true,"href":"https:\/\/www.grallas-camper.de\/en\/wp-json\/wp\/v2\/users\/1"}],"replies":[{"embeddable":true,"href":"https:\/\/www.grallas-camper.de\/en\/wp-json\/wp\/v2\/comments?post=290"}],"version-history":[{"count":34,"href":"https:\/\/www.grallas-camper.de\/en\/wp-json\/wp\/v2\/pages\/290\/revisions"}],"predecessor-version":[{"id":744,"href":"https:\/\/www.grallas-camper.de\/en\/wp-json\/wp\/v2\/pages\/290\/revisions\/744"}],"wp:attachment":[{"href":"https:\/\/www.grallas-camper.de\/en\/wp-json\/wp\/v2\/media?parent=290"}],"curies":[{"name":"wp","href":"https:\/\/api.w.org\/{rel}","templated":true}]}}