{"id":203,"date":"2024-06-22T18:47:46","date_gmt":"2024-06-22T16:47:46","guid":{"rendered":"https:\/\/www.grallas-camper.de\/wordpress\/?page_id=203"},"modified":"2026-03-29T20:36:46","modified_gmt":"2026-03-29T18:36:46","slug":"ahorn-660-alkoven","status":"publish","type":"page","link":"https:\/\/www.grallas-camper.de\/en\/ahorn-660-alkoven\/","title":{"rendered":"Ahorn 660 &#8211; Alkoven"},"content":{"rendered":"\t\t<div data-elementor-type=\"wp-page\" data-elementor-id=\"203\" class=\"elementor elementor-203\">\n\t\t\t\t<div class=\"elementor-element elementor-element-f834b60 e-flex e-con-boxed e-con e-parent\" data-id=\"f834b60\" data-element_type=\"container\" data-e-type=\"container\" data-settings=\"{&quot;background_background&quot;:&quot;slideshow&quot;,&quot;background_slideshow_slide_duration&quot;:4000,&quot;background_slideshow_gallery&quot;:[],&quot;background_slideshow_loop&quot;:&quot;yes&quot;,&quot;background_slideshow_slide_transition&quot;:&quot;fade&quot;,&quot;background_slideshow_transition_duration&quot;:500}\">\n\t\t\t\t\t<div class=\"e-con-inner\">\n\t\t<div class=\"elementor-element elementor-element-584f35a e-con-full e-flex e-con e-child\" data-id=\"584f35a\" data-element_type=\"container\" data-e-type=\"container\" data-settings=\"{&quot;background_background&quot;:&quot;slideshow&quot;,&quot;background_slideshow_gallery&quot;:[{&quot;id&quot;:620,&quot;url&quot;:&quot;https:\\\/\\\/www.grallas-camper.de\\\/wp-content\\\/uploads\\\/2024\\\/10\\\/IMG-20240610-WA0003.jpg&quot;},{&quot;id&quot;:628,&quot;url&quot;:&quot;https:\\\/\\\/www.grallas-camper.de\\\/wp-content\\\/uploads\\\/2024\\\/10\\\/IMG-20240915-WA0010.jpg&quot;},{&quot;id&quot;:623,&quot;url&quot;:&quot;https:\\\/\\\/www.grallas-camper.de\\\/wp-content\\\/uploads\\\/2024\\\/10\\\/20240814_140248-scaled.jpg&quot;},{&quot;id&quot;:627,&quot;url&quot;:&quot;https:\\\/\\\/www.grallas-camper.de\\\/wp-content\\\/uploads\\\/2024\\\/10\\\/20240729_170848-scaled.jpg&quot;},{&quot;id&quot;:625,&quot;url&quot;:&quot;https:\\\/\\\/www.grallas-camper.de\\\/wp-content\\\/uploads\\\/2024\\\/10\\\/20240813_2156431-scaled.jpg&quot;},{&quot;id&quot;:622,&quot;url&quot;:&quot;https:\\\/\\\/www.grallas-camper.de\\\/wp-content\\\/uploads\\\/2024\\\/10\\\/IMG-20240915-WA0007.jpg&quot;},{&quot;id&quot;:452,&quot;url&quot;:&quot;https:\\\/\\\/www.grallas-camper.de\\\/wp-content\\\/uploads\\\/2024\\\/06\\\/Grundriss-Ahorn.jpg&quot;},{&quot;id&quot;:404,&quot;url&quot;:&quot;https:\\\/\\\/www.grallas-camper.de\\\/wp-content\\\/uploads\\\/2024\\\/06\\\/20240228_180714.png&quot;},{&quot;id&quot;:405,&quot;url&quot;:&quot;https:\\\/\\\/www.grallas-camper.de\\\/wp-content\\\/uploads\\\/2024\\\/06\\\/20240228_180501.png&quot;},{&quot;id&quot;:626,&quot;url&quot;:&quot;https:\\\/\\\/www.grallas-camper.de\\\/wp-content\\\/uploads\\\/2024\\\/10\\\/20240829_1343241-scaled.jpg&quot;},{&quot;id&quot;:406,&quot;url&quot;:&quot;https:\\\/\\\/www.grallas-camper.de\\\/wp-content\\\/uploads\\\/2024\\\/06\\\/20240228_180448.png&quot;}],&quot;background_slideshow_slide_duration&quot;:4000,&quot;background_slideshow_slide_transition&quot;:&quot;slide_up&quot;,&quot;background_slideshow_transition_duration&quot;:400,&quot;background_slideshow_loop&quot;:&quot;yes&quot;}\">\n\t\t\t\t<\/div>\n\t\t<div class=\"elementor-element elementor-element-dedab9e e-con-full e-flex e-con e-child\" data-id=\"dedab9e\" data-element_type=\"container\" data-e-type=\"container\">\n\t\t\t\t<div class=\"elementor-element elementor-element-56aeb40 elementor-widget elementor-widget-text-editor\" data-id=\"56aeb40\" data-element_type=\"widget\" data-e-type=\"widget\" data-widget_type=\"text-editor.default\">\n\t\t\t\t<div class=\"elementor-widget-container\">\n\t\t\t\t\t\t\t\t\t<p><strong>Fahrzeug Details:<\/strong><\/p><ul><li>Alkoven Ahorn 660 auf Renault Master, Baujahr 2018<\/li><li>3,5 to. F\u00fchrerscheinklasse B<\/li><li>L x B x H 6,62 m \/\u00a0 2,34 m \/ 3,10 m<\/li><li>103 KW, Handschaltung<\/li><li>Kraftstoff Diesel, Adblue<\/li><\/ul>\t\t\t\t\t\t\t\t<\/div>\n\t\t\t\t<\/div>\n\t\t\t\t<div class=\"elementor-element elementor-element-387dd8e elementor-widget elementor-widget-text-editor\" data-id=\"387dd8e\" data-element_type=\"widget\" data-e-type=\"widget\" data-widget_type=\"text-editor.default\">\n\t\t\t\t<div class=\"elementor-widget-container\">\n\t\t\t\t\t\t\t\t\t<p><strong>Ausstattung:<\/strong><\/p><ul><li>f\u00fcr bis zu 6 Personen, Sitzpl\u00e4tze mit Gurt 6, Schlafpl\u00e4tze 2 Personen im Alkoven, 2 Personen im franz\u00f6sischen Bett, Essbereich Dinette umbaubar<\/li><li>2 x TV (HDMI, DVD),\u00a0Solarpaneele<\/li><li>Dachfenster 2x\u00a0<\/li><li>ger\u00e4umige\/separate Dusche in Nasszelle<\/li><li>K\u00fcche mit ALLEM ausgestattet, f\u00fcr 4-6 Personen.<\/li><li>K\u00fchlschrank mit Gefrierschrank,<\/li><li>Auffahrkeile, Stromkabel,\u00a0<\/li><li>Markise,\u00a0Campingm\u00f6bel etc.,\u00a0<\/li><li>2 x 11 kg Gasflasche&#8230;.<\/li><li>GC-Paket\u00a0<\/li><\/ul>\t\t\t\t\t\t\t\t<\/div>\n\t\t\t\t<\/div>\n\t\t\t\t<\/div>\n\t\t\t\t<div class=\"elementor-element elementor-element-7d7175b elementor-align-center elementor-invisible elementor-widget elementor-widget-button\" data-id=\"7d7175b\" data-element_type=\"widget\" data-e-type=\"widget\" data-settings=\"{&quot;_animation&quot;:&quot;bounceIn&quot;}\" data-widget_type=\"button.default\">\n\t\t\t\t<div class=\"elementor-widget-container\">\n\t\t\t\t\t\t\t\t\t<div class=\"elementor-button-wrapper\">\n\t\t\t\t\t<a class=\"elementor-button elementor-button-link elementor-size-sm\" href=\"https:\/\/www.grallas-camper.de\/wordpress\/kalender-preise-ahorn\/\">\n\t\t\t\t\t\t<span class=\"elementor-button-content-wrapper\">\n\t\t\t\t\t\t\t\t\t<span class=\"elementor-button-text\">zum Kalender<\/span>\n\t\t\t\t\t<\/span>\n\t\t\t\t\t<\/a>\n\t\t\t\t<\/div>\n\t\t\t\t\t\t\t\t<\/div>\n\t\t\t\t<\/div>\n\t\t\t\t\t<\/div>\n\t\t\t\t<\/div>\n\t\t<div class=\"elementor-element elementor-element-fdca76b e-flex e-con-boxed e-con e-parent\" data-id=\"fdca76b\" data-element_type=\"container\" data-e-type=\"container\">\n\t\t\t\t\t<div class=\"e-con-inner\">\n\t\t\t\t\t<\/div>\n\t\t\t\t<\/div>\n\t\t\t\t<\/div>\n\t\t","protected":false},"excerpt":{"rendered":"<p>Fahrzeug Details: Alkoven Ahorn 660 auf Renault Master, Baujahr 2018 3,5 To., F\u00fchrerscheinklasse B LBH\u00a0 6,62m\/ 2,34 m \/3,10 m 103 KW, HandschaltungKraftstoff Diesel\u00a0 Ausstattung: 2x TV, SAT-Anlage,&nbsp;Solarpaneele Dachfenster 2x&nbsp; ger\u00e4umige\/seperate Dusche in Nasszelle K\u00fcche mit ALLEM ausgestattet, f\u00fcr 4-6 Personen. K\u00fchlschrank mit Gefrierschrank, Auffahreile, Strom&#8230;.Markise,&nbsp;Campingm\u00f6bel etc,&nbsp; 2x 11 kg Gasflasche&#8230;. GC-Paket&nbsp; zum Kalender<\/p>\n","protected":false},"author":1,"featured_media":0,"parent":0,"menu_order":0,"comment_status":"closed","ping_status":"closed","template":"","meta":{"ocean_post_layout":"","ocean_both_sidebars_style":"","ocean_both_sidebars_content_width":0,"ocean_both_sidebars_sidebars_width":0,"ocean_sidebar":"","ocean_second_sidebar":"","ocean_disable_margins":"enable","ocean_add_body_class":"","ocean_shortcode_before_top_bar":"","ocean_shortcode_after_top_bar":"","ocean_shortcode_before_header":"","ocean_shortcode_after_header":"","ocean_has_shortcode":"","ocean_shortcode_after_title":"","ocean_shortcode_before_footer_widgets":"","ocean_shortcode_after_footer_widgets":"","ocean_shortcode_before_footer_bottom":"","ocean_shortcode_after_footer_bottom":"","ocean_display_top_bar":"default","ocean_display_header":"default","ocean_header_style":"","ocean_center_header_left_menu":"","ocean_custom_header_template":"","ocean_custom_logo":0,"ocean_custom_retina_logo":0,"ocean_custom_logo_max_width":0,"ocean_custom_logo_tablet_max_width":0,"ocean_custom_logo_mobile_max_width":0,"ocean_custom_logo_max_height":0,"ocean_custom_logo_tablet_max_height":0,"ocean_custom_logo_mobile_max_height":0,"ocean_header_custom_menu":"","ocean_menu_typo_font_family":"","ocean_menu_typo_font_subset":"","ocean_menu_typo_font_size":0,"ocean_menu_typo_font_size_tablet":0,"ocean_menu_typo_font_size_mobile":0,"ocean_menu_typo_font_size_unit":"px","ocean_menu_typo_font_weight":"","ocean_menu_typo_font_weight_tablet":"","ocean_menu_typo_font_weight_mobile":"","ocean_menu_typo_transform":"","ocean_menu_typo_transform_tablet":"","ocean_menu_typo_transform_mobile":"","ocean_menu_typo_line_height":0,"ocean_menu_typo_line_height_tablet":0,"ocean_menu_typo_line_height_mobile":0,"ocean_menu_typo_line_height_unit":"","ocean_menu_typo_spacing":0,"ocean_menu_typo_spacing_tablet":0,"ocean_menu_typo_spacing_mobile":0,"ocean_menu_typo_spacing_unit":"","ocean_menu_link_color":"","ocean_menu_link_color_hover":"","ocean_menu_link_color_active":"","ocean_menu_link_background":"","ocean_menu_link_hover_background":"","ocean_menu_link_active_background":"","ocean_menu_social_links_bg":"","ocean_menu_social_hover_links_bg":"","ocean_menu_social_links_color":"","ocean_menu_social_hover_links_color":"","ocean_disable_title":"default","ocean_disable_heading":"default","ocean_post_title":"","ocean_post_subheading":"","ocean_post_title_style":"","ocean_post_title_background_color":"","ocean_post_title_background":0,"ocean_post_title_bg_image_position":"","ocean_post_title_bg_image_attachment":"","ocean_post_title_bg_image_repeat":"","ocean_post_title_bg_image_size":"","ocean_post_title_height":0,"ocean_post_title_bg_overlay":0.5,"ocean_post_title_bg_overlay_color":"","ocean_disable_breadcrumbs":"default","ocean_breadcrumbs_color":"","ocean_breadcrumbs_separator_color":"","ocean_breadcrumbs_links_color":"","ocean_breadcrumbs_links_hover_color":"","ocean_display_footer_widgets":"default","ocean_display_footer_bottom":"default","ocean_custom_footer_template":"","footnotes":""},"class_list":["post-203","page","type-page","status-publish","hentry","entry"],"_links":{"self":[{"href":"https:\/\/www.grallas-camper.de\/en\/wp-json\/wp\/v2\/pages\/203","targetHints":{"allow":["GET"]}}],"collection":[{"href":"https:\/\/www.grallas-camper.de\/en\/wp-json\/wp\/v2\/pages"}],"about":[{"href":"https:\/\/www.grallas-camper.de\/en\/wp-json\/wp\/v2\/types\/page"}],"author":[{"embeddable":true,"href":"https:\/\/www.grallas-camper.de\/en\/wp-json\/wp\/v2\/users\/1"}],"replies":[{"embeddable":true,"href":"https:\/\/www.grallas-camper.de\/en\/wp-json\/wp\/v2\/comments?post=203"}],"version-history":[{"count":46,"href":"https:\/\/www.grallas-camper.de\/en\/wp-json\/wp\/v2\/pages\/203\/revisions"}],"predecessor-version":[{"id":759,"href":"https:\/\/www.grallas-camper.de\/en\/wp-json\/wp\/v2\/pages\/203\/revisions\/759"}],"wp:attachment":[{"href":"https:\/\/www.grallas-camper.de\/en\/wp-json\/wp\/v2\/media?parent=203"}],"curies":[{"name":"wp","href":"https:\/\/api.w.org\/{rel}","templated":true}]}}